{"id":13,"date":"2016-06-05T18:29:31","date_gmt":"2016-06-05T16:29:31","guid":{"rendered":"http:\/\/www.groys.de\/villafloriberta-chalet\/?page_id=13"},"modified":"2017-04-21T20:42:21","modified_gmt":"2017-04-21T18:42:21","slug":"home","status":"publish","type":"page","link":"http:\/\/www.groys.de\/villafloriberta-chalet\/","title":{"rendered":"Ihr Zweites Zuhause im oberbayerischen Zwei-Seen-Land"},"content":{"rendered":"<p>Unser Chalet ist ein behaglicher Platz f\u00fcr Paare und Familien. Ausstattung: SW-Terrasse mit Gartenzugang, kleine Schlafkammer, gro\u00dfes Schlafzimmer, kleine K\u00fcche, holzverkleidetes Wohnzimmer vor Panoramafenster, mit separater runder Essecke ganz in Holz. Ruhige Wohnlage inmitten von G\u00e4rten.<\/p>\n<img loading=\"lazy\" decoding=\"async\" src=\"http:\/\/www.groys.de\/villafloriberta-chalet\/wp-content\/uploads\/2016\/06\/floriberta-fewo_cover.jpg\" alt=\"Ferienwohnung Chalet Villa Floriberta, 82431 Kochel a. See\" width=\"710\" height=\"535\" class=\"aligncenter size-full wp-image-87\" srcset=\"http:\/\/www.groys.de\/villafloriberta-chalet\/wp-content\/uploads\/2016\/06\/floriberta-fewo_cover.jpg 710w, http:\/\/www.groys.de\/villafloriberta-chalet\/wp-content\/uploads\/2016\/06\/floriberta-fewo_cover-300x226.jpg 300w\" sizes=\"auto, (max-width: 710px) 100vw, 710px\" \/>\n<p>Nur wenige Gehminuten bis zum Kochelsee, zur <a href=\"http:\/\/motorschifffahrt-kochelsee.de\" target=\"_blank\">Schiffsanlegestelle<\/a>, zum <a href=\"http:\/\/www.franz-marc-museum.de\" target=\"_blank\">Franz Marc Museum<\/a>. In direkter N\u00e4he gibt es ein breites Freizeit- und Kulturangebot \u2013 die <a href=\"http:\/\/www.kristall-trimini-kochel-am-see.de\" target=\"_blank\">Kristall-Therme trimini<\/a>, die &#8222;Heimatb\u00fchne&#8220;, das <a href=\"http:\/\/www.kinoinkochel.de\" target=\"_blank\">Kino<\/a>.<\/p>\n<p><span class=\"text18gruen\">Herzlich willkommen!<\/span><\/p>\n<table width=\"20%\" align=\"right\">\n<tr>\n<td><img loading=\"lazy\" decoding=\"async\" src=\"http:\/\/www.groys.de\/villafloriberta-chalet\/wp-content\/uploads\/2016\/06\/t_flagge_deutsch.gif\" alt=\"Deutsch\" width=\"40\" height=\"40\" class=\"aligncenter size-full wp-image-29\" \/><\/td>\n<td><a href=\"http:\/\/www.groys.de\/villafloriberta-chalet\/holiday-home\/\"><img loading=\"lazy\" decoding=\"async\" src=\"http:\/\/www.groys.de\/villafloriberta-chalet\/wp-content\/uploads\/2016\/06\/t_flagge_usa.gif\" alt=\"English\" width=\"40\" height=\"40\" class=\"aligncenter size-full wp-image-30\" \/><\/a><\/td>\n<td><a href=\"http:\/\/www.groys.de\/villafloriberta-chalet\/holiday-home-russian\/\"><img loading=\"lazy\" decoding=\"async\" src=\"http:\/\/www.groys.de\/villafloriberta-chalet\/wp-content\/uploads\/2016\/06\/t_flagge_russisch.gif\" alt=\"Russisch\" width=\"40\" height=\"40\" class=\"aligncenter size-full wp-image-31\" \/><\/a><\/td>\n<\/tr>\n<\/table>\n<img loading=\"lazy\" decoding=\"async\" src=\"http:\/\/www.groys.de\/villafloriberta-chalet\/wp-content\/uploads\/2016\/06\/trenner_mgruen_2d772e.gif\" alt=\"Seitenende\" width=\"900\" height=\"1\" class=\"aligncenter size-full wp-image-185\" \/>\n","protected":false},"excerpt":{"rendered":"<p>Unser Chalet ist ein behaglicher Platz f\u00fcr Paare und Familien. Ausstattung: SW-Terrasse mit Gartenzugang, kleine Schlafkammer, gro\u00dfes Schlafzimmer, kleine K\u00fcche, holzverkleidetes Wohnzimmer vor Panoramafenster, mit separater runder Essecke ganz in Holz. Ruhige Wohnlage inmitten von G\u00e4rten. Nur wenige Gehminuten bis zum Kochelsee, zur Schiffsanlegestelle, zum Franz Marc Museum. In direkter N\u00e4he gibt es ein breites [&hellip;]<\/p>\n","protected":false},"author":4,"featured_media":0,"parent":0,"menu_order":0,"comment_status":"closed","ping_status":"closed","template":"","meta":{"footnotes":""},"class_list":["post-13","page","type-page","status-publish"],"_links":{"self":[{"href":"http:\/\/www.groys.de\/villafloriberta-chalet\/wp-json\/wp\/v2\/pages\/13","targetHints":{"allow":["GET"]}}],"collection":[{"href":"http:\/\/www.groys.de\/villafloriberta-chalet\/wp-json\/wp\/v2\/pages"}],"about":[{"href":"http:\/\/www.groys.de\/villafloriberta-chalet\/wp-json\/wp\/v2\/types\/page"}],"author":[{"embeddable":true,"href":"http:\/\/www.groys.de\/villafloriberta-chalet\/wp-json\/wp\/v2\/users\/4"}],"replies":[{"embeddable":true,"href":"http:\/\/www.groys.de\/villafloriberta-chalet\/wp-json\/wp\/v2\/comments?post=13"}],"version-history":[{"count":31,"href":"http:\/\/www.groys.de\/villafloriberta-chalet\/wp-json\/wp\/v2\/pages\/13\/revisions"}],"predecessor-version":[{"id":194,"href":"http:\/\/www.groys.de\/villafloriberta-chalet\/wp-json\/wp\/v2\/pages\/13\/revisions\/194"}],"wp:attachment":[{"href":"http:\/\/www.groys.de\/villafloriberta-chalet\/wp-json\/wp\/v2\/media?parent=13"}],"curies":[{"name":"wp","href":"https:\/\/api.w.org\/{rel}","templated":true}]}}