{"id":196,"date":"2017-04-25T16:54:21","date_gmt":"2017-04-25T14:54:21","guid":{"rendered":"http:\/\/www.groys.de\/villafloriberta-chalet\/?page_id=196"},"modified":"2017-05-25T12:49:47","modified_gmt":"2017-05-25T10:49:47","slug":"referenzen","status":"publish","type":"page","link":"http:\/\/www.groys.de\/villafloriberta-chalet\/referenzen\/","title":{"rendered":"Referenzen"},"content":{"rendered":"<p><img loading=\"lazy\" decoding=\"async\" src=\"http:\/\/www.groys.de\/villafloriberta-chalet\/wp-content\/uploads\/2017\/04\/t_check_referenzen.jpg\" alt=\"Villa Floriberta Ferienwohung-Chalet, Referenzen\" width=\"70\" height=\"64\" class=\"alignleft size-full wp-image-212\" \/><br \/>\nThis is a charming apartment in a really quaint neighborhood. We were greeted by Boyan and Wilma and loved their personal welcome. The house was spacious and clean, furnished with a cabin-like feel. They provided some basic groceries like bread and milk which was helpful for the next day. The kitchen is small, but great for making breakfasts and sandwiches for picnics. There is a warm fireplace and the essentials like towels and linens are provided. We watched birds in the yard, mountain tops emerge from morning clouds, and cracked walnuts straight from the trees in the yard. It was a perfect place to relax and read books in the evening after skiing in Garmisch (which is about 35 minutes away). We also toured two of the Ludwig castles one day (over an hour away). The neighborhood has trails in the woods to a waterfall, the Franz Marc art museum (watch the hours) and some good local restaurants in walking distance (we tried La Pineta and enjoyed our Italian meal) and bakeries (we sipped coffee and devoured croissants at Barbara&#8217;s Bakery). We hope to return in the summertime when we can enjoy the lake activities. <span class=\"stuffrot\">\u2013 <em>Februar 2017 \u2013 J., Carlisle, Pennsylvania, USA<\/em><\/span><\/p>\n<p><img loading=\"lazy\" decoding=\"async\" src=\"http:\/\/www.groys.de\/villafloriberta-chalet\/wp-content\/uploads\/2017\/04\/t_check_referenzen.jpg\" alt=\"Villa Floriberta Ferienwohung-Chalet, Referenzen\" width=\"70\" height=\"64\" class=\"alignleft size-full wp-image-212\" \/><br \/>\nDie Wohnung ist liebevoll eingerichtet und super ausgestattet. Das Wohnzimmer mit Kachelofen und riesiger Fensterfront l\u00e4dt zum gem\u00fctlichen Verweilen ein, die Betten sind sehr bequem und in der K\u00fcche gibt es alles was man braucht inklusive einer kleinen Sp\u00fclmaschine. Wilma und Boyan haben alles getan, damit wir uns daheim f\u00fchlen, was ihnen auch vollkommen gelungen ist. Wir w\u00e4ren gerne l\u00e4nger geblieben und werden die Villa Floriberta auf jeden Fall weiterempfehlen. \u2013 <span class=\"stuffrot\"><em>Januar 2017 \u2013 A., M\u00fcnchen, Deutschland<\/em><\/span><\/p>\n<p><img loading=\"lazy\" decoding=\"async\" src=\"http:\/\/www.groys.de\/villafloriberta-chalet\/wp-content\/uploads\/2017\/04\/t_check_referenzen.jpg\" alt=\"Villa Floriberta Ferienwohung-Chalet, Referenzen\" width=\"70\" height=\"64\" class=\"alignleft size-full wp-image-212\" \/><br \/>\nVilla Floriberta is een fantastische plek om te zijn. De eigenaren doen er echt alles aan om het naar je zin te maken, niets is te veel. Gebruikers moeten wel rekening houden met het gegeven dat er geen kleerkasten zijn en de kookplaat is wat aan de krappe kant met twee pitjes. Ook de koelkast is vrij klein, daar gaat echt niet veel in. Voor de rest helemaal super en zeer zeker de moeite waard. Wij zullen hier zeker terug keren. \u2013 <span class=\"stuffrot\"><em>Dezember 2016 \u2013 J., Eindhoven, Niederlande<\/em><\/span><\/p>\n<p><img loading=\"lazy\" decoding=\"async\" src=\"http:\/\/www.groys.de\/villafloriberta-chalet\/wp-content\/uploads\/2017\/04\/t_check_referenzen.jpg\" alt=\"Villa Floriberta Ferienwohung-Chalet, Referenzen\" width=\"70\" height=\"64\" class=\"alignleft size-full wp-image-212\" \/><br \/>\nVielen Dank f\u00fcr die sehr erholsame Zeit im Chalet am Kochelsee. Die Fotos k\u00f6nnen den wahren Zauber dieser Unterkunft leider nicht wiedergeben. Wir haben jeden Tag und Abend wirklich sehr genossen und kommen gerne wieder. Der ideale Ort um in die Alpen einzusteigen und der ideale Ort um seine Batterien wieder aufzuladen. Die Gastgeber haben keinen Wunsch offen gelassen. Vielen Dank f\u00fcr die tollen Tage bei euch. \u2013 <span class=\"stuffrot\"><em>November 2016 \u2013 D., Fellbach, Deutschland<\/em><\/span><\/p>\n<p><img loading=\"lazy\" decoding=\"async\" src=\"http:\/\/www.groys.de\/villafloriberta-chalet\/wp-content\/uploads\/2017\/04\/t_check_referenzen.jpg\" alt=\"Villa Floriberta Ferienwohung-Chalet, Referenzen\" width=\"70\" height=\"64\" class=\"alignleft size-full wp-image-212\" \/><br \/>\nWe had a wonderful time and didnt want to leave. Wilma and Boyan have really gone out of their way to help and make everything really easy and nice for us. We were also lucky with the weather and could fully enjoy the surroundings, which were wonderful. The house was just perfect, the right size and very very cosy with the nice terrace and living room viewing out over garden and mountains. We hope to go back again soooon. \u2013 <span class=\"stuffrot\"><em>Oktober 2016 \u2013 M., Barcelona, Spanien<\/em><\/span><\/p>\n<p><img loading=\"lazy\" decoding=\"async\" src=\"http:\/\/www.groys.de\/villafloriberta-chalet\/wp-content\/uploads\/2017\/04\/t_check_referenzen.jpg\" alt=\"Villa Floriberta Ferienwohung-Chalet, Referenzen\" width=\"70\" height=\"64\" class=\"alignleft size-full wp-image-212\" \/><br \/>\nEin gem\u00fctliches Haus im Gr\u00fcnen mit wunderbar unkomplizierten und herzlichen Gastgebern. Wir haben es sehr genossen und w\u00fcrden jederzeit wieder kommen. Danke! \u2013 <span class=\"stuffrot\"><em>August 2016 \u2013 R., Deutschland<\/em><\/span><\/p>\n<p><img loading=\"lazy\" decoding=\"async\" src=\"http:\/\/www.groys.de\/villafloriberta-chalet\/wp-content\/uploads\/2017\/04\/t_check_referenzen.jpg\" alt=\"Villa Floriberta Ferienwohung-Chalet, Referenzen\" width=\"70\" height=\"64\" class=\"alignleft size-full wp-image-212\" \/><br \/>\nTop Haus in traumhafter Umgebung mit supernetten Gastgebern. \u2013 <span class=\"stuffrot\"><em>August 2016 \u2013 R., M\u00fcnchen, Deutschland<\/em><\/span><\/p>\n<p><img loading=\"lazy\" decoding=\"async\" src=\"http:\/\/www.groys.de\/villafloriberta-chalet\/wp-content\/uploads\/2017\/04\/t_check_referenzen.jpg\" alt=\"Villa Floriberta Ferienwohung-Chalet, Referenzen\" width=\"70\" height=\"64\" class=\"alignleft size-full wp-image-212\" \/><br \/>\nTr\u00e8s bien accueillis dans ce petit chalet accol\u00e9 \u00e0 la maison de nos h\u00f4tes. Une v\u00e9ritable maison de poup\u00e9e dans un quartier calme, tr\u00e8s bien \u00e9quip\u00e9. L&#8217;\u00e9l\u00e9ment qui a fait de notre passage \u00e0 Kochel un v\u00e9ritable moment de plaisir ce sont nos h\u00f4tes. Nous avons \u00e9t\u00e9 v\u00e9ritablement chouchout\u00e9s, c&#8217;est assez rare dans un airbnb. Kochel \u00e9tait une \u00e9tape \u00e0 la fin d&#8217;un long voyage \u00e0 travers l&#8217;Europe et je dois dire que nous avons fini en beaut\u00e9 gr\u00e2ce \u00e0 ce lieu et \u00e0 cette rencontre. Si je devais revenir en Bavi\u00e8re, c&#8217;est chez Boyan et sa famille que je reviendrai, sans h\u00e9siter. Merci \u00e0 vous !! \u2013 <span class=\"stuffrot\"><em>August 2016 \u2013 C., Paris, Frankreich<\/em><\/span><\/p>\n<p><img loading=\"lazy\" decoding=\"async\" src=\"http:\/\/www.groys.de\/villafloriberta-chalet\/wp-content\/uploads\/2017\/04\/t_check_referenzen.jpg\" alt=\"Villa Floriberta Ferienwohung-Chalet, Referenzen\" width=\"70\" height=\"64\" class=\"alignleft size-full wp-image-212\" \/><br \/>\nVielen Dank an Boyan und Wilma. Sie haben uns sehr freundlich empfangen und standen immer als Ansprechpartner zur Verf\u00fcgung.<br \/>\nDie Unterkunft entspricht den Bildern und ist sehr sch\u00f6n gelegen. Wir hatten sehr sch\u00f6ne Tage in Kochel und Umgebung. \u2013 <span class=\"stuffrot\"><em>August 2016 \u2013 N., Berlin, Deutschland<\/em><\/span><\/p>\n<p><img loading=\"lazy\" decoding=\"async\" src=\"http:\/\/www.groys.de\/villafloriberta-chalet\/wp-content\/uploads\/2017\/04\/t_check_referenzen.jpg\" alt=\"Villa Floriberta Ferienwohung-Chalet, Referenzen\" width=\"70\" height=\"64\" class=\"alignleft size-full wp-image-212\" \/><br \/>\nOne of our favorites! Very nice location, quiet street but close to town. It was perfect and would recommend it to others and absolutely stay there again. Beautiful place and wonderful hosts. \u2013 <span class=\"stuffrot\"><em>August 2016 \u2013 S., Anchorage, Alaska<\/em><\/span><\/p>\n<p><img loading=\"lazy\" decoding=\"async\" src=\"http:\/\/www.groys.de\/villafloriberta-chalet\/wp-content\/uploads\/2017\/04\/t_check_referenzen.jpg\" alt=\"Villa Floriberta Ferienwohung-Chalet, Referenzen\" width=\"70\" height=\"64\" class=\"alignleft size-full wp-image-212\" \/><br \/>\nWilma, Boyan, Billy und Attila sind perfekte, charmante und offene sowie gleichzeitig diskrete und respektvolle Gastgeber. \u2013 <span class=\"stuffrot\"><em>August 2016 \u2013 S., London, Gro\u00dfbritannien<\/em><\/span><\/p>\n<p><img loading=\"lazy\" decoding=\"async\" src=\"http:\/\/www.groys.de\/villafloriberta-chalet\/wp-content\/uploads\/2017\/04\/t_check_referenzen.jpg\" alt=\"Villa Floriberta Ferienwohung-Chalet, Referenzen\" width=\"70\" height=\"64\" class=\"alignleft size-full wp-image-212\" \/><br \/>\nThe location is even greater than the pictures. It&#8217;s a perfect place to relax and enjoy the views and quietness of the Kochel a. See. The villa is very well equipped with everything you need and is very near to the center of the town and Kochel lake. It&#8217;s also just a couple of minutes away from Kristal Trimini thermal pool. The hosts, Boyan and Wilma, are one of the greatest hosts I have ever met. They are very welcoming and ready to offer any support and help that is needed. \u2013 <span class=\"stuffrot\"><em>August 2016 \u2013 A., Bukarest, Rum\u00e4nien<\/em><\/span><\/p>\n<p style=\"text-align:right;\"><span class=\"stuff\"><em>Grafik &#8222;check&#8220;: <a href=\"https:\/\/de.123rf.com\/profile_kannaa123rf\" target=\"_blank\">kannaa123rf\/de.123rf.com<\/em><\/a><\/span><\/p>\n<p>&nbsp;<\/p>\n<table width=\"20%\" align=\"right\">\n<tr>\n<td><img loading=\"lazy\" decoding=\"async\" src=\"http:\/\/www.groys.de\/villafloriberta-chalet\/wp-content\/uploads\/2016\/06\/t_flagge_deutsch.gif\" alt=\"Deutsch\" width=\"40\" height=\"40\" class=\"aligncenter size-full wp-image-29\" \/><\/td>\n<td><a href=\"http:\/\/www.groys.de\/villafloriberta-chalet\/holiday-home\/\"><img loading=\"lazy\" decoding=\"async\" src=\"http:\/\/www.groys.de\/villafloriberta-chalet\/wp-content\/uploads\/2016\/06\/t_flagge_usa.gif\" alt=\"English\" width=\"40\" height=\"40\" class=\"aligncenter size-full wp-image-30\" \/><\/a><\/td>\n<td><a href=\"http:\/\/www.groys.de\/villafloriberta-chalet\/holiday-home-russian\/\"><img loading=\"lazy\" decoding=\"async\" src=\"http:\/\/www.groys.de\/villafloriberta-chalet\/wp-content\/uploads\/2016\/06\/t_flagge_russisch.gif\" alt=\"Russisch\" width=\"40\" height=\"40\" class=\"aligncenter size-full wp-image-31\" \/><\/a><\/td>\n<\/tr>\n<\/table>\n<img loading=\"lazy\" decoding=\"async\" src=\"http:\/\/www.groys.de\/villafloriberta-chalet\/wp-content\/uploads\/2016\/06\/trenner_mgruen_2d772e.gif\" alt=\"Seitenende\" width=\"900\" height=\"1\" class=\"aligncenter size-full wp-image-185\" \/>\n","protected":false},"excerpt":{"rendered":"<p>This is a charming apartment in a really quaint neighborhood. We were greeted by Boyan and Wilma and loved their personal welcome. The house was spacious and clean, furnished with a cabin-like feel. They provided some basic groceries like bread and milk which was helpful for the next day. The kitchen is small, but great [&hellip;]<\/p>\n","protected":false},"author":4,"featured_media":0,"parent":0,"menu_order":0,"comment_status":"closed","ping_status":"closed","template":"","meta":{"footnotes":""},"class_list":["post-196","page","type-page","status-publish"],"_links":{"self":[{"href":"http:\/\/www.groys.de\/villafloriberta-chalet\/wp-json\/wp\/v2\/pages\/196","targetHints":{"allow":["GET"]}}],"collection":[{"href":"http:\/\/www.groys.de\/villafloriberta-chalet\/wp-json\/wp\/v2\/pages"}],"about":[{"href":"http:\/\/www.groys.de\/villafloriberta-chalet\/wp-json\/wp\/v2\/types\/page"}],"author":[{"embeddable":true,"href":"http:\/\/www.groys.de\/villafloriberta-chalet\/wp-json\/wp\/v2\/users\/4"}],"replies":[{"embeddable":true,"href":"http:\/\/www.groys.de\/villafloriberta-chalet\/wp-json\/wp\/v2\/comments?post=196"}],"version-history":[{"count":18,"href":"http:\/\/www.groys.de\/villafloriberta-chalet\/wp-json\/wp\/v2\/pages\/196\/revisions"}],"predecessor-version":[{"id":217,"href":"http:\/\/www.groys.de\/villafloriberta-chalet\/wp-json\/wp\/v2\/pages\/196\/revisions\/217"}],"wp:attachment":[{"href":"http:\/\/www.groys.de\/villafloriberta-chalet\/wp-json\/wp\/v2\/media?parent=196"}],"curies":[{"name":"wp","href":"https:\/\/api.w.org\/{rel}","templated":true}]}}