{"id":65,"date":"2016-06-06T18:57:48","date_gmt":"2016-06-06T16:57:48","guid":{"rendered":"http:\/\/www.groys.de\/villafloriberta-chalet\/?page_id=65"},"modified":"2020-04-16T11:02:34","modified_gmt":"2020-04-16T09:02:34","slug":"impressum","status":"publish","type":"page","link":"http:\/\/www.groys.de\/villafloriberta-chalet\/impressum\/","title":{"rendered":"Impressum"},"content":{"rendered":"<img loading=\"lazy\" decoding=\"async\" src=\"http:\/\/www.groys.de\/villafloriberta-chalet\/wp-content\/uploads\/2016\/06\/groys_floriberta_kochelsee-winter_2017.jpg\" alt=\"Kiener\/Groys, Villa Floriberta, Kochelsee, Winter\" width=\"400\" height=\"300\" class=\"alignright size-full wp-image-143\" srcset=\"http:\/\/www.groys.de\/villafloriberta-chalet\/wp-content\/uploads\/2016\/06\/groys_floriberta_kochelsee-winter_2017.jpg 400w, http:\/\/www.groys.de\/villafloriberta-chalet\/wp-content\/uploads\/2016\/06\/groys_floriberta_kochelsee-winter_2017-300x225.jpg 300w\" sizes=\"auto, (max-width: 400px) 100vw, 400px\" \/>\n<p>Herausgeber: Wilma Kiener &#038; Boyan Groys<\/p>\n<p>Postanschrift:<br \/>\nHerzogstandweg 33, 82431 Kochel am See<br \/>\nE-Mail: post(at)groys.de<br \/>\nTel.: +49.8851.40995050<br \/>\nMobile: +49.173.8611811<br \/>\nFax: +49.32.226269633<\/p>\n<p>Inhaltlich Verantwortliche gem\u00e4\u00df \u00a7 5 TMG:<br \/>\nWilma Kiener &#038; Boyan Groys<\/p>\n<p>Haftung: Die Informationen auf unseren Seiten stellen wir ohne Gew\u00e4hr zusammen. Wir bem\u00fchen uns, sie auf dem neuesten Stand zu halten. Es kann trotzdem sein, dass Informationen veraltet, unvollst\u00e4ndig oder falsch sind. <\/p>\n<p>Links: Trotz sorgf\u00e4ltiger inhaltlicher Kontrolle \u00fcbernehmen wir keine Haftung f\u00fcr die Inhalte externer Links. F\u00fcr den Inhalt der verlinkten Sites sind allein deren Betreiber verantwortlich.<\/p>\n<p>Fotos, Grafik, Texte: Die Inhalte der Seiten dieser Internetpr\u00e4sentation sind ganz oder teilweise urheberrechtlich gesch\u00fctzt. Eine Vervielf\u00e4ltigung oder Verbreitung der Seiten oder ihrer Inhalte ist nur mit vorheriger schriftlicher Einwilligung des Anbieters und nur in Verbindung mit Quellen- und Datumsangabe zul\u00e4ssig.<br \/>\n\u2022 Fremdinhalte unterliegen dem Copyright der jeweiligen Anbieter.<\/p>\n<p>Website-Management: Kessel &#038; Zeutsch, Hartliebstr. 1, 94577 Winzer<br \/>\nTel.: +49.9901.9486222, E-Mail: jay.zeutsch(at)gmail.com<\/p>\n<p>URL dieser Site: http:\/\/www.groys.de\/villafloriberta-chalet<\/p>\n<img loading=\"lazy\" decoding=\"async\" src=\"http:\/\/www.groys.de\/villafloriberta-chalet\/wp-content\/uploads\/2016\/06\/trenner_mgruen_2d772e.gif\" alt=\"Seitenende\" width=\"900\" height=\"1\" class=\"aligncenter size-full wp-image-185\" \/>\n","protected":false},"excerpt":{"rendered":"<p>Herausgeber: Wilma Kiener &#038; Boyan Groys Postanschrift: Herzogstandweg 33, 82431 Kochel am See E-Mail: post(at)groys.de Tel.: +49.8851.40995050 Mobile: +49.173.8611811 Fax: +49.32.226269633 Inhaltlich Verantwortliche gem\u00e4\u00df \u00a7 5 TMG: Wilma Kiener &#038; Boyan Groys Haftung: Die Informationen auf unseren Seiten stellen wir ohne Gew\u00e4hr zusammen. Wir bem\u00fchen uns, sie auf dem neuesten Stand zu halten. Es kann [&hellip;]<\/p>\n","protected":false},"author":4,"featured_media":0,"parent":0,"menu_order":0,"comment_status":"closed","ping_status":"closed","template":"","meta":{"footnotes":""},"class_list":["post-65","page","type-page","status-publish"],"_links":{"self":[{"href":"http:\/\/www.groys.de\/villafloriberta-chalet\/wp-json\/wp\/v2\/pages\/65","targetHints":{"allow":["GET"]}}],"collection":[{"href":"http:\/\/www.groys.de\/villafloriberta-chalet\/wp-json\/wp\/v2\/pages"}],"about":[{"href":"http:\/\/www.groys.de\/villafloriberta-chalet\/wp-json\/wp\/v2\/types\/page"}],"author":[{"embeddable":true,"href":"http:\/\/www.groys.de\/villafloriberta-chalet\/wp-json\/wp\/v2\/users\/4"}],"replies":[{"embeddable":true,"href":"http:\/\/www.groys.de\/villafloriberta-chalet\/wp-json\/wp\/v2\/comments?post=65"}],"version-history":[{"count":14,"href":"http:\/\/www.groys.de\/villafloriberta-chalet\/wp-json\/wp\/v2\/pages\/65\/revisions"}],"predecessor-version":[{"id":219,"href":"http:\/\/www.groys.de\/villafloriberta-chalet\/wp-json\/wp\/v2\/pages\/65\/revisions\/219"}],"wp:attachment":[{"href":"http:\/\/www.groys.de\/villafloriberta-chalet\/wp-json\/wp\/v2\/media?parent=65"}],"curies":[{"name":"wp","href":"https:\/\/api.w.org\/{rel}","templated":true}]}}