{"id":84,"date":"2016-06-07T08:04:59","date_gmt":"2016-06-07T06:04:59","guid":{"rendered":"http:\/\/www.groys.de\/villafloriberta-chalet\/?page_id=84"},"modified":"2020-04-20T14:25:55","modified_gmt":"2020-04-20T12:25:55","slug":"lage-und-anwesen","status":"publish","type":"page","link":"http:\/\/www.groys.de\/villafloriberta-chalet\/lage-und-anwesen\/","title":{"rendered":"Lage und Anwesen"},"content":{"rendered":"<img loading=\"lazy\" decoding=\"async\" src=\"http:\/\/www.groys.de\/villafloriberta-chalet\/wp-content\/uploads\/2016\/06\/groys_kochel_loisach-ausfluss_fruehjahr_400.jpg\" alt=\"Kiener\/Groys, Kochelsee, Loisach\" width=\"400\" height=\"300\" class=\"alignright size-full wp-image-73\" srcset=\"http:\/\/www.groys.de\/villafloriberta-chalet\/wp-content\/uploads\/2016\/06\/groys_kochel_loisach-ausfluss_fruehjahr_400.jpg 400w, http:\/\/www.groys.de\/villafloriberta-chalet\/wp-content\/uploads\/2016\/06\/groys_kochel_loisach-ausfluss_fruehjahr_400-300x225.jpg 300w\" sizes=\"auto, (max-width: 400px) 100vw, 400px\" \/>\n<p>Kochel am See im Landkreis Bad T\u00f6lz-Wolfratshausen liegt sehr verkehrsg\u00fcnstig ca. 60 km s\u00fcdlich von M\u00fcnchen. Mit dem Auto f\u00e4hrt man ca. 30 Min. auf der A95 M\u00fcnchen\u2013Garmisch-Partenkirchen bis Ausfahrt Murnau\/Kochel, danach sind es noch 9 km nach Kochel am See. Mit der Regionalbahn st\u00fcndlich direkt von M\u00fcnchen Hauptbahnhof in einer Stunde und 12 Minuten. Nach \u00d6sterreich sind es ca. 40 km oder ca. 60 Min. zum Flughafen Innsbruck.<\/p>\n<p>Das im Jahr 1935\/75 in solider Bauweise erstellte Anwesen Herzogstandweg 33 besteht aus zwei Wohngeb\u00e4uden mit drei Wohnungen, die teilweise \u00fcber mehrere Ebenen, gro\u00dfz\u00fcgige Terrassen oder Dachterrassen und Balkone verf\u00fcgen.<\/p>\n<p>&nbsp;<\/p>\n<img loading=\"lazy\" decoding=\"async\" src=\"http:\/\/www.groys.de\/villafloriberta-chalet\/wp-content\/uploads\/2016\/06\/groys_floriberta_magnolie-schaukel.jpg\" alt=\"Kiener\/Groys, Floriberta, FeWo, Garten\" width=\"400\" height=\"300\" class=\"alignleft size-full wp-image-128\" srcset=\"http:\/\/www.groys.de\/villafloriberta-chalet\/wp-content\/uploads\/2016\/06\/groys_floriberta_magnolie-schaukel.jpg 400w, http:\/\/www.groys.de\/villafloriberta-chalet\/wp-content\/uploads\/2016\/06\/groys_floriberta_magnolie-schaukel-300x225.jpg 300w\" sizes=\"auto, (max-width: 400px) 100vw, 400px\" \/>\n<p>Der Herzogstandweg 33 liegt wenige Gehminuten vom <a href=\"https:\/\/de.wikipedia.org\/wiki\/Kochelsee\" target=\"_blank\">Kochelsee<\/a> und vom <a href=\"http:\/\/www.franz-marc-museum.de\" target=\"_blank\">Franz Marc Museum<\/a> entfernt in einer ruhigen Wohnlage in begr\u00fcnter Umgebung nahe dem Kurpark und dem Seeweg mit der <a href=\"http:\/\/www.motorschiffahrt-kochelsee.de\" target=\"_blank\">Motorschifffahrt Kochelsee<\/a>. In direkter N\u00e4he gibt es ein breites Freizeit- und Kulturangebot wie die <a href=\"http:\/\/www.kristall-trimini-kochel-am-see.de\" target=\"_blank\">Kristall-Therme trimini<\/a>, die &#8222;Heimatb\u00fchne&#8220;, das Kino, alle Gesch\u00e4fte des t\u00e4glichen Bedarfs und nicht zuletzt gute Restaurants.<br \/>\nDas Freizeitangebot in der nahen Umgebung zusammen mit dem <a href=\"https:\/\/www.toelzer-land.de\/heilklimapark\" rel=\"noopener\" target=\"_blank\">Heilklima-Park T\u00f6lzer Land<\/a> ist fast unendlich. Es gibt Moor- und Flusslandschaften zum Radeln, Kanufahren und Langlauf, zwei Seen zum Segeln, Kitesurfen, Angeln. Die vielen Berge rund um den <a href=\"https:\/\/www.herzogstandbahn.de\/\" rel=\"noopener\" target=\"_blank\">Herzogstand<\/a> laden zum Wandern, Klettern, Mountainbiken und Skifahren ein.<\/p>\n<p>&nbsp;<\/p>\n<table width=\"20%\" align=\"right\">\n<tr>\n<td><img loading=\"lazy\" decoding=\"async\" src=\"http:\/\/www.groys.de\/villafloriberta-chalet\/wp-content\/uploads\/2016\/06\/t_flagge_deutsch.gif\" alt=\"Deutsch\" width=\"40\" height=\"40\" class=\"aligncenter size-full wp-image-29\" \/><\/td>\n<td><a href=\"http:\/\/www.groys.de\/villafloriberta-chalet\/holiday-home\/\"><img loading=\"lazy\" decoding=\"async\" src=\"http:\/\/www.groys.de\/villafloriberta-chalet\/wp-content\/uploads\/2016\/06\/t_flagge_usa.gif\" alt=\"English\" width=\"40\" height=\"40\" class=\"aligncenter size-full wp-image-30\" \/><\/a><\/td>\n<td><a href=\"http:\/\/www.groys.de\/villafloriberta-chalet\/holiday-home-russian\/\"><img loading=\"lazy\" decoding=\"async\" src=\"http:\/\/www.groys.de\/villafloriberta-chalet\/wp-content\/uploads\/2016\/06\/t_flagge_russisch.gif\" alt=\"Russisch\" width=\"40\" height=\"40\" class=\"aligncenter size-full wp-image-31\" \/><\/a><\/td>\n<\/tr>\n<\/table>\n<img loading=\"lazy\" decoding=\"async\" src=\"http:\/\/www.groys.de\/villafloriberta-chalet\/wp-content\/uploads\/2016\/06\/trenner_mgruen_2d772e.gif\" alt=\"Seitenende\" width=\"900\" height=\"1\" class=\"aligncenter size-full wp-image-185\" \/>\n","protected":false},"excerpt":{"rendered":"<p>Kochel am See im Landkreis Bad T\u00f6lz-Wolfratshausen liegt sehr verkehrsg\u00fcnstig ca. 60 km s\u00fcdlich von M\u00fcnchen. Mit dem Auto f\u00e4hrt man ca. 30 Min. auf der A95 M\u00fcnchen\u2013Garmisch-Partenkirchen bis Ausfahrt Murnau\/Kochel, danach sind es noch 9 km nach Kochel am See. Mit der Regionalbahn st\u00fcndlich direkt von M\u00fcnchen Hauptbahnhof in einer Stunde und 12 Minuten. [&hellip;]<\/p>\n","protected":false},"author":4,"featured_media":0,"parent":0,"menu_order":0,"comment_status":"closed","ping_status":"closed","template":"","meta":{"footnotes":""},"class_list":["post-84","page","type-page","status-publish"],"_links":{"self":[{"href":"http:\/\/www.groys.de\/villafloriberta-chalet\/wp-json\/wp\/v2\/pages\/84","targetHints":{"allow":["GET"]}}],"collection":[{"href":"http:\/\/www.groys.de\/villafloriberta-chalet\/wp-json\/wp\/v2\/pages"}],"about":[{"href":"http:\/\/www.groys.de\/villafloriberta-chalet\/wp-json\/wp\/v2\/types\/page"}],"author":[{"embeddable":true,"href":"http:\/\/www.groys.de\/villafloriberta-chalet\/wp-json\/wp\/v2\/users\/4"}],"replies":[{"embeddable":true,"href":"http:\/\/www.groys.de\/villafloriberta-chalet\/wp-json\/wp\/v2\/comments?post=84"}],"version-history":[{"count":9,"href":"http:\/\/www.groys.de\/villafloriberta-chalet\/wp-json\/wp\/v2\/pages\/84\/revisions"}],"predecessor-version":[{"id":221,"href":"http:\/\/www.groys.de\/villafloriberta-chalet\/wp-json\/wp\/v2\/pages\/84\/revisions\/221"}],"wp:attachment":[{"href":"http:\/\/www.groys.de\/villafloriberta-chalet\/wp-json\/wp\/v2\/media?parent=84"}],"curies":[{"name":"wp","href":"https:\/\/api.w.org\/{rel}","templated":true}]}}